{"id":23,"date":"2015-11-17T12:01:28","date_gmt":"2015-11-17T12:01:28","guid":{"rendered":"http:\/\/www.agroensayos.es\/?page_id=23"},"modified":"2023-04-12T22:08:57","modified_gmt":"2023-04-12T21:08:57","slug":"servicios","status":"publish","type":"page","link":"https:\/\/www.agroensayos.es\/en\/servicios\/","title":{"rendered":"Services"},"content":{"rendered":"<p><\/p>\n<p style=\"text-align: justify;\">All services offered by <span style=\"color: #09a34a;\"><strong>AGROENSAYOS<\/strong><\/span> are adapted to both conventional and organic farming, according to EPPO standards.<\/p>\n<p style=\"text-align: justify;\"><strong>TRIALS:<\/strong><\/p>\n<ul>\n<li style=\"text-align: justify;\" type=\"disc\">Efficacy and Selectivity Trials (GEP) for the development and registration of plant protection products.<\/li>\n<li style=\"text-align: justify;\" type=\"disc\">Demonstration trials.<\/li>\n<li style=\"text-align: justify;\" type=\"disc\">Crop variety trials, planting and harvesting in microplots.<\/li>\n<li style=\"text-align: justify;\" type=\"disc\">Seed Testing trials.<\/li>\n<li style=\"text-align: justify;\" type=\"disc\">Nutritional trials.<\/li>\n<\/ul>\n<div class=\"portfolio\">\n<div class=\"row\">\n<div class=\"col-sm-4 col-md-4\">\n<div class=\"portfolio-box text-center\"><a href=\"http:\/\/www.agroensayos.es\/wp-content\/uploads\/2016\/02\/remolacha.jpg\"><img loading=\"lazy\" decoding=\"async\" class=\"attachment-portfolio size-portfolio wp-image-61\" src=\"http:\/\/www.agroensayos.es\/wp-content\/uploads\/2016\/02\/remolacha-300x225.jpg\" sizes=\"auto, (max-width: 400px) 100vw, 400px\" srcset=\"http:\/\/www.agroensayos.es\/wp-content\/uploads\/2016\/02\/remolacha-300x225.jpg 300w, http:\/\/www.agroensayos.es\/wp-content\/uploads\/2016\/02\/remolacha.jpg 600w\" alt=\"sugarbeet agroensayos\" width=\"300\" height=\"225\" \/><\/a><\/div>\n<\/div>\n<div class=\"col-sm-4 col-md-4\">\n<div class=\"portfolio-box text-center\"><a href=\"http:\/\/www.agroensayos.es\/wp-content\/uploads\/2016\/02\/mochila1.jpg\"><img loading=\"lazy\" decoding=\"async\" class=\"attachment-portfolio size-portfolio wp-image-123\" src=\"http:\/\/www.agroensayos.es\/wp-content\/uploads\/2016\/02\/mochila1-300x226.jpg\" sizes=\"auto, (max-width: 400px) 100vw, 400px\" srcset=\"http:\/\/www.agroensayos.es\/wp-content\/uploads\/2016\/02\/mochila1-300x226.jpg 300w, http:\/\/www.agroensayos.es\/wp-content\/uploads\/2016\/02\/mochila1.jpg 600w\" alt=\"backsprayed agroensayos\" width=\"300\" height=\"226\" \/><\/a><\/div>\n<\/div>\n<div class=\"col-sm-4 col-md-4\">\n<div class=\"portfolio-box text-center\"><a href=\"http:\/\/www.agroensayos.es\/wp-content\/uploads\/2018\/01\/DSC03306.jpg\"><img loading=\"lazy\" decoding=\"async\" class=\"attachment-portfolio size-portfolio wp-image-61\" src=\"http:\/\/www.agroensayos.es\/wp-content\/uploads\/2018\/01\/DSC03306-300x225.jpg\" sizes=\"auto, (max-width: 400px) 100vw, 400px\" srcset=\"http:\/\/www.agroensayos.es\/wp-content\/uploads\/2018\/01\/DSC03306-300x225.jpg 300w, http:\/\/www.agroensayos.es\/wp-content\/uploads\/2018\/01\/DSC03306.jpg 600w\" alt=\"sample1 agroensayos\" width=\"300\" height=\"225\" \/><\/a><\/p>\n<p><!--  <a href=\"http:\/\/www.agroensayos.es\/wp-content\/uploads\/2016\/02\/potato-plant-802604.jpg\"><img loading=\"lazy\" decoding=\"async\" width=\"300\" height=\"225\" src=\"http:\/\/www.agroensayos.es\/wp-content\/uploads\/2016\/02\/potato-plant-802604-300x225.jpg\" class=\"attachment-portfolio size-portfolio wp-image-122\" alt=\"potato agroensayos\" srcset=\"http:\/\/www.agroensayos.es\/wp-content\/uploads\/2016\/02\/potato-plant-802604-300x225.jpg 300w, http:\/\/www.agroensayos.es\/wp-content\/uploads\/2016\/02\/potato-plant-802604.jpg 600w\" sizes=\"auto, (max-width: 400px) 100vw, 400px\" \/><\/a>\t\t--><\/p>\n<\/div>\n<\/div>\n<\/div>\n<\/div>\n<p style=\"text-align: justify;\">GEP trials are carried out with:<\/p>\n<ul style=\"text-align: justify;\">\n<li type=\"disc\">Herbicides.<\/li>\n<li type=\"disc\">Fungicides.<\/li>\n<li type=\"disc\">Insecticides.<\/li>\n<li type=\"disc\">Fertilizers.<\/li>\n<li type=\"disc\">Growth regulators.<\/li>\n<li type=\"disc\">Seed treatments.<\/li>\n<li type=\"disc\">Postharvest.<\/li>\n<\/ul>\n<p style=\"text-align: justify;\"><strong>OTHER SERVICES:<\/strong><\/p>\n<ul style=\"text-align: justify;\">\n<li type=\"disc\">Yield and diverse harvest parameter measurements.<\/li>\n<li type=\"disc\">Development of new techniques and agronomic practices.<\/li>\n<li type=\"disc\">Technical advice.<\/li>\n<\/ul>\n<p style=\"text-align: justify;\">Reports can be made in Spanish or English upon request. <strong> <span style=\"color: #09a34a;\">AGROENSAYOS <\/span><\/strong> uses <strong>ARM, Fieldpro, Statgraphics <\/strong> softwares for data registration and processing.<\/p>\n<p style=\"text-align: justify;\"><strong>CROPS:<\/strong><\/p>\n<ul>\n<li style=\"text-align: justify;\" type=\"disc\">Extensive.<\/li>\n<li style=\"text-align: justify;\" type=\"disc\">Industrial.<\/li>\n<li style=\"text-align: justify;\" type=\"disc\">Vine.<\/li>\n<li style=\"text-align: justify;\" type=\"disc\">Vegetable.<\/li>\n<li style=\"text-align: justify;\" type=\"disc\">Grass.<\/li>\n<li style=\"text-align: justify;\" type=\"disc\">Etc.<\/li>\n<\/ul>\n<p><\/p>","protected":false},"excerpt":{"rendered":"<p>All services offered by AGROENSAYOS are adapted to both conventional and organic farming, according to EPPO standards. TRIALS: Efficacy and Selectivity Trials (GEP) for the development and registration of plant protection products. Demonstration trials. Crop variety trials, planting and harvesting in microplots. Seed Testing trials. Nutritional trials. GEP trials are carried out with: Herbicides. Fungicides. [&hellip;]<\/p>\n","protected":false},"author":1,"featured_media":0,"parent":0,"menu_order":0,"comment_status":"closed","ping_status":"closed","template":"","meta":{"footnotes":""},"class_list":["post-23","page","type-page","status-publish","hentry"],"yoast_head":"<!-- This site is optimized with the Yoast SEO plugin v26.7 - https:\/\/yoast.com\/wordpress\/plugins\/seo\/ -->\n<title>Ensayos GEP de diferentes cultivos en Valladolid<\/title>\n<meta name=\"description\" content=\"Los servicios de ensayos GEP de diferentes cultivos se realizan de acuerdo a los est\u00e1ndares EPPO. Asesoramiento t\u00e9cnico, pr\u00e1cticas agron\u00f3micas\" \/>\n<meta name=\"robots\" content=\"index, follow, max-snippet:-1, max-image-preview:large, max-video-preview:-1\" \/>\n<link rel=\"canonical\" href=\"https:\/\/www.agroensayos.es\/servicios\/\" \/>\n<meta property=\"og:locale\" content=\"en_US\" \/>\n<meta property=\"og:type\" content=\"article\" \/>\n<meta property=\"og:title\" content=\"Agroensayos - Servicios\" \/>\n<meta property=\"og:description\" content=\"Los servicios que ofrece AGROENSAYOS se adaptan tanto a la agricultura Biol\u00f3gica como Convencional, realiz\u00e1ndose de acuerdo a los est\u00e1ndares EPPO.\" \/>\n<meta property=\"og:url\" content=\"https:\/\/www.agroensayos.es\/servicios\/\" \/>\n<meta property=\"og:site_name\" content=\"Agroensayos\" \/>\n<meta property=\"article:publisher\" content=\"https:\/\/www.facebook.com\/Agroensayos-1731441323792974\/?ref=hl\" \/>\n<meta property=\"article:modified_time\" content=\"2023-04-12T21:08:57+00:00\" \/>\n<meta property=\"og:image\" content=\"https:\/\/www.agroensayos.es\/wp-content\/uploads\/2016\/02\/cropped-logonuevo.png\" \/>\n\t<meta property=\"og:image:width\" content=\"512\" \/>\n\t<meta property=\"og:image:height\" content=\"512\" \/>\n\t<meta property=\"og:image:type\" content=\"image\/png\" \/>\n<meta name=\"twitter:card\" content=\"summary_large_image\" \/>\n<meta name=\"twitter:title\" content=\"Agroensayos Servicios\" \/>\n<meta name=\"twitter:description\" content=\"Los servicios que ofrece AGROENSAYOS se adaptan tanto a la agricultura Biol\u00f3gica como Convencional, realiz\u00e1ndose de acuerdo a los est\u00e1ndares EPPO.\" \/>\n<meta name=\"twitter:image\" content=\"http:\/\/www.agroensayos.es\/wp-content\/uploads\/2016\/02\/cropped-logonuevo.png\" \/>\n<meta name=\"twitter:site\" content=\"@Infoagroensayos\" \/>\n<meta name=\"twitter:label1\" content=\"Est. reading time\" \/>\n\t<meta name=\"twitter:data1\" content=\"3 minutes\" \/>\n<script type=\"application\/ld+json\" class=\"yoast-schema-graph\">{\"@context\":\"https:\/\/schema.org\",\"@graph\":[{\"@type\":\"WebPage\",\"@id\":\"https:\/\/www.agroensayos.es\/servicios\/\",\"url\":\"https:\/\/www.agroensayos.es\/servicios\/\",\"name\":\"Ensayos GEP de diferentes cultivos en Valladolid\",\"isPartOf\":{\"@id\":\"https:\/\/www.agroensayos.es\/#website\"},\"primaryImageOfPage\":{\"@id\":\"https:\/\/www.agroensayos.es\/servicios\/#primaryimage\"},\"image\":{\"@id\":\"https:\/\/www.agroensayos.es\/servicios\/#primaryimage\"},\"thumbnailUrl\":\"http:\/\/www.agroensayos.es\/wp-content\/uploads\/2016\/02\/remolacha-300x225.jpg\",\"datePublished\":\"2015-11-17T12:01:28+00:00\",\"dateModified\":\"2023-04-12T21:08:57+00:00\",\"description\":\"Los servicios de ensayos GEP de diferentes cultivos se realizan de acuerdo a los est\u00e1ndares EPPO. Asesoramiento t\u00e9cnico, pr\u00e1cticas agron\u00f3micas\",\"breadcrumb\":{\"@id\":\"https:\/\/www.agroensayos.es\/servicios\/#breadcrumb\"},\"inLanguage\":\"en-US\",\"potentialAction\":[{\"@type\":\"ReadAction\",\"target\":[\"https:\/\/www.agroensayos.es\/servicios\/\"]}]},{\"@type\":\"ImageObject\",\"inLanguage\":\"en-US\",\"@id\":\"https:\/\/www.agroensayos.es\/servicios\/#primaryimage\",\"url\":\"http:\/\/www.agroensayos.es\/wp-content\/uploads\/2016\/02\/remolacha-300x225.jpg\",\"contentUrl\":\"http:\/\/www.agroensayos.es\/wp-content\/uploads\/2016\/02\/remolacha-300x225.jpg\"},{\"@type\":\"BreadcrumbList\",\"@id\":\"https:\/\/www.agroensayos.es\/servicios\/#breadcrumb\",\"itemListElement\":[{\"@type\":\"ListItem\",\"position\":1,\"name\":\"Portada\",\"item\":\"https:\/\/www.agroensayos.es\/\"},{\"@type\":\"ListItem\",\"position\":2,\"name\":\"Servicios\"}]},{\"@type\":\"WebSite\",\"@id\":\"https:\/\/www.agroensayos.es\/#website\",\"url\":\"https:\/\/www.agroensayos.es\/\",\"name\":\"Agroensayos\",\"description\":\"Ensayos y T&eacute;cnicas Agr&iacute;colas S.L.\",\"potentialAction\":[{\"@type\":\"SearchAction\",\"target\":{\"@type\":\"EntryPoint\",\"urlTemplate\":\"https:\/\/www.agroensayos.es\/?s={search_term_string}\"},\"query-input\":{\"@type\":\"PropertyValueSpecification\",\"valueRequired\":true,\"valueName\":\"search_term_string\"}}],\"inLanguage\":\"en-US\"}]}<\/script>\n<!-- \/ Yoast SEO plugin. -->","yoast_head_json":{"title":"Ensayos GEP de diferentes cultivos en Valladolid","description":"Los servicios de ensayos GEP de diferentes cultivos se realizan de acuerdo a los est\u00e1ndares EPPO. Asesoramiento t\u00e9cnico, pr\u00e1cticas agron\u00f3micas","robots":{"index":"index","follow":"follow","max-snippet":"max-snippet:-1","max-image-preview":"max-image-preview:large","max-video-preview":"max-video-preview:-1"},"canonical":"https:\/\/www.agroensayos.es\/servicios\/","og_locale":"en_US","og_type":"article","og_title":"Agroensayos - Servicios","og_description":"Los servicios que ofrece AGROENSAYOS se adaptan tanto a la agricultura Biol\u00f3gica como Convencional, realiz\u00e1ndose de acuerdo a los est\u00e1ndares EPPO.","og_url":"https:\/\/www.agroensayos.es\/servicios\/","og_site_name":"Agroensayos","article_publisher":"https:\/\/www.facebook.com\/Agroensayos-1731441323792974\/?ref=hl","article_modified_time":"2023-04-12T21:08:57+00:00","og_image":[{"width":512,"height":512,"url":"https:\/\/www.agroensayos.es\/wp-content\/uploads\/2016\/02\/cropped-logonuevo.png","type":"image\/png"}],"twitter_card":"summary_large_image","twitter_title":"Agroensayos Servicios","twitter_description":"Los servicios que ofrece AGROENSAYOS se adaptan tanto a la agricultura Biol\u00f3gica como Convencional, realiz\u00e1ndose de acuerdo a los est\u00e1ndares EPPO.","twitter_image":"http:\/\/www.agroensayos.es\/wp-content\/uploads\/2016\/02\/cropped-logonuevo.png","twitter_site":"@Infoagroensayos","twitter_misc":{"Est. reading time":"3 minutes"},"schema":{"@context":"https:\/\/schema.org","@graph":[{"@type":"WebPage","@id":"https:\/\/www.agroensayos.es\/servicios\/","url":"https:\/\/www.agroensayos.es\/servicios\/","name":"Ensayos GEP de diferentes cultivos en Valladolid","isPartOf":{"@id":"https:\/\/www.agroensayos.es\/#website"},"primaryImageOfPage":{"@id":"https:\/\/www.agroensayos.es\/servicios\/#primaryimage"},"image":{"@id":"https:\/\/www.agroensayos.es\/servicios\/#primaryimage"},"thumbnailUrl":"http:\/\/www.agroensayos.es\/wp-content\/uploads\/2016\/02\/remolacha-300x225.jpg","datePublished":"2015-11-17T12:01:28+00:00","dateModified":"2023-04-12T21:08:57+00:00","description":"Los servicios de ensayos GEP de diferentes cultivos se realizan de acuerdo a los est\u00e1ndares EPPO. Asesoramiento t\u00e9cnico, pr\u00e1cticas agron\u00f3micas","breadcrumb":{"@id":"https:\/\/www.agroensayos.es\/servicios\/#breadcrumb"},"inLanguage":"en-US","potentialAction":[{"@type":"ReadAction","target":["https:\/\/www.agroensayos.es\/servicios\/"]}]},{"@type":"ImageObject","inLanguage":"en-US","@id":"https:\/\/www.agroensayos.es\/servicios\/#primaryimage","url":"http:\/\/www.agroensayos.es\/wp-content\/uploads\/2016\/02\/remolacha-300x225.jpg","contentUrl":"http:\/\/www.agroensayos.es\/wp-content\/uploads\/2016\/02\/remolacha-300x225.jpg"},{"@type":"BreadcrumbList","@id":"https:\/\/www.agroensayos.es\/servicios\/#breadcrumb","itemListElement":[{"@type":"ListItem","position":1,"name":"Portada","item":"https:\/\/www.agroensayos.es\/"},{"@type":"ListItem","position":2,"name":"Servicios"}]},{"@type":"WebSite","@id":"https:\/\/www.agroensayos.es\/#website","url":"https:\/\/www.agroensayos.es\/","name":"Agroensayos","description":"Ensayos y T&eacute;cnicas Agr&iacute;colas S.L.","potentialAction":[{"@type":"SearchAction","target":{"@type":"EntryPoint","urlTemplate":"https:\/\/www.agroensayos.es\/?s={search_term_string}"},"query-input":{"@type":"PropertyValueSpecification","valueRequired":true,"valueName":"search_term_string"}}],"inLanguage":"en-US"}]}},"_links":{"self":[{"href":"https:\/\/www.agroensayos.es\/en\/wp-json\/wp\/v2\/pages\/23","targetHints":{"allow":["GET"]}}],"collection":[{"href":"https:\/\/www.agroensayos.es\/en\/wp-json\/wp\/v2\/pages"}],"about":[{"href":"https:\/\/www.agroensayos.es\/en\/wp-json\/wp\/v2\/types\/page"}],"author":[{"embeddable":true,"href":"https:\/\/www.agroensayos.es\/en\/wp-json\/wp\/v2\/users\/1"}],"replies":[{"embeddable":true,"href":"https:\/\/www.agroensayos.es\/en\/wp-json\/wp\/v2\/comments?post=23"}],"version-history":[{"count":42,"href":"https:\/\/www.agroensayos.es\/en\/wp-json\/wp\/v2\/pages\/23\/revisions"}],"predecessor-version":[{"id":336,"href":"https:\/\/www.agroensayos.es\/en\/wp-json\/wp\/v2\/pages\/23\/revisions\/336"}],"wp:attachment":[{"href":"https:\/\/www.agroensayos.es\/en\/wp-json\/wp\/v2\/media?parent=23"}],"curies":[{"name":"wp","href":"https:\/\/api.w.org\/{rel}","templated":true}]}}