{"id":104,"date":"2016-02-08T18:05:05","date_gmt":"2016-02-08T17:05:05","guid":{"rendered":"http:\/\/www.agroensayos.es\/?page_id=104"},"modified":"2018-02-01T09:46:28","modified_gmt":"2018-02-01T08:46:28","slug":"104-2","status":"publish","type":"page","link":"https:\/\/www.agroensayos.es\/en\/","title":{"rendered":"<!\u2013HOME\u2013>"},"content":{"rendered":"<p><\/p>\n<div class=\"homepage-main\">\n<section class=\"homepage-slider\">\n<div class=\"banner\">\n<div class=\"slider-wrapper theme-bar\">\n<div id=\"top-slider\" class=\"nivoSlider\"><img decoding=\"async\" title=\"#htmlcaption-1\" src=\"http:\/\/www.agroensayos.es\/wp-content\/uploads\/2018\/01\/20170608_181505-e1517350199142.jpg\" alt=\"sample\" data-thumb=\"href=http:\/\/www.agroensayos.es\/wp-content\/uploads\/2018\/01\/20170608_181505-e1517350199142.jpg\" \/><img decoding=\"async\" title=\"#htmlcaption-2\" src=\"http:\/\/www.agroensayos.es\/wp-content\/uploads\/2018\/01\/tractorrecrotado-e1517474510752.jpg\" alt=\"Tractor agroensayos\" data-thumb=\"http:\/\/www.agroensayos.es\/wp-content\/uploads\/2018\/01\/tractorrecrotado-e1517474510752.jpg\" \/><img decoding=\"async\" title=\"#htmlcaption-3\" src=\"http:\/\/www.agroensayos.es\/wp-content\/uploads\/2018\/02\/DSC_0041-e1517473634581.jpg\" alt=\"machine1\" data-thumb=\"http:\/\/www.agroensayos.es\/wp-content\/uploads\/2018\/02\/DSC_0041-e1517473634581.jpg\" \/><img decoding=\"async\" title=\"#htmlcaption-4\" src=\"http:\/\/www.agroensayos.es\/wp-content\/uploads\/2016\/02\/sunflowers-267831_1920-e1455145968481.jpg\" alt=\"sunflower agroensayos\" data-thumb=\"http:\/\/www.agroensayos.es\/wp-content\/uploads\/2016\/02\/sunflowers-267831_1920-e1455145968481.jpg\" \/><\/div>\n<p><!--<img decoding=\"async\" title=\"#htmlcaption-3\" src=\"http:\/\/www.agroensayos.es\/wp-content\/uploads\/2016\/02\/bloggif_56bbb4e886707-e1455145277376.jpeg\" alt=\"colza agroensayos\" data-thumb=\"http:\/\/www.agroensayos.es\/wp-content\/uploads\/2016\/02\/bloggif_56bbb4e886707-e1455145277376.jpeg\"\/> <img decoding=\"async\" title=\"#htmlcaption-3\" src=\"http:\/\/www.agroensayos.es\/wp-content\/uploads\/2016\/02\/trigo-verde-e1455146435142.jpg\" alt=\"green wheat agroensayos\" data-thumb=\"http:\/\/www.agroensayos.es\/wp-content\/uploads\/2016\/02\/trigo-verde-e1455146435142.jpg\" \/>\n --><\/p>\n<\/div>\n<\/div>\n<\/section>\n<\/div>\n<p>&nbsp;<\/p>","protected":false},"excerpt":{"rendered":"<p>&nbsp;<\/p>\n","protected":false},"author":1,"featured_media":0,"parent":0,"menu_order":0,"comment_status":"closed","ping_status":"closed","template":"","meta":{"footnotes":""},"class_list":["post-104","page","type-page","status-publish","hentry"],"yoast_head":"<!-- This site is optimized with the Yoast SEO plugin v26.7 - https:\/\/yoast.com\/wordpress\/plugins\/seo\/ -->\n<title>Agroensayos Ensayos y T\u00e9cnicas Agr\u00edcolas Valladolid<\/title>\n<meta name=\"description\" content=\"En Agroensayos, Ensayos y T\u00e9cnicas Agr\u00edcolas de Valladolid disponemos de la Acreditaci\u00f3n EOR y realizamos ensayos de acuerdo a los est\u00e1ndares EPPO.\" \/>\n<meta name=\"robots\" content=\"index, follow, max-snippet:-1, max-image-preview:large, max-video-preview:-1\" \/>\n<link rel=\"canonical\" href=\"https:\/\/www.agroensayos.es\/\" \/>\n<meta property=\"og:locale\" content=\"en_US\" \/>\n<meta property=\"og:type\" content=\"article\" \/>\n<meta property=\"og:title\" content=\"Agroensayos Ensayos y T\u00e9cnicas Agr\u00edcolas Valladolid\" \/>\n<meta property=\"og:description\" content=\"En Agroensayos, Ensayos y T\u00e9cnicas Agr\u00edcolas de Valladolid disponemos de la Acreditaci\u00f3n EOR y realizamos ensayos de acuerdo a los est\u00e1ndares EPPO.\" \/>\n<meta property=\"og:url\" content=\"https:\/\/www.agroensayos.es\/\" \/>\n<meta property=\"og:site_name\" content=\"Agroensayos\" \/>\n<meta property=\"article:publisher\" content=\"https:\/\/www.facebook.com\/Agroensayos-1731441323792974\/?ref=hl\" \/>\n<meta property=\"article:modified_time\" content=\"2018-02-01T08:46:28+00:00\" \/>\n<meta property=\"og:image\" content=\"http:\/\/www.agroensayos.es\/wp-content\/uploads\/2018\/01\/20170608_181505-e1517350199142.jpg\" \/>\n<meta name=\"twitter:card\" content=\"summary_large_image\" \/>\n<meta name=\"twitter:site\" content=\"@Infoagroensayos\" \/>\n<script type=\"application\/ld+json\" class=\"yoast-schema-graph\">{\"@context\":\"https:\/\/schema.org\",\"@graph\":[{\"@type\":\"WebPage\",\"@id\":\"https:\/\/www.agroensayos.es\/\",\"url\":\"https:\/\/www.agroensayos.es\/\",\"name\":\"Agroensayos Ensayos y T\u00e9cnicas Agr\u00edcolas Valladolid\",\"isPartOf\":{\"@id\":\"https:\/\/www.agroensayos.es\/#website\"},\"primaryImageOfPage\":{\"@id\":\"https:\/\/www.agroensayos.es\/#primaryimage\"},\"image\":{\"@id\":\"https:\/\/www.agroensayos.es\/#primaryimage\"},\"thumbnailUrl\":\"http:\/\/www.agroensayos.es\/wp-content\/uploads\/2018\/01\/20170608_181505-e1517350199142.jpg\",\"datePublished\":\"2016-02-08T17:05:05+00:00\",\"dateModified\":\"2018-02-01T08:46:28+00:00\",\"description\":\"En Agroensayos, Ensayos y T\u00e9cnicas Agr\u00edcolas de Valladolid disponemos de la Acreditaci\u00f3n EOR y realizamos ensayos de acuerdo a los est\u00e1ndares EPPO.\",\"inLanguage\":\"en-US\",\"potentialAction\":[{\"@type\":\"ReadAction\",\"target\":[\"https:\/\/www.agroensayos.es\/\"]}]},{\"@type\":\"ImageObject\",\"inLanguage\":\"en-US\",\"@id\":\"https:\/\/www.agroensayos.es\/#primaryimage\",\"url\":\"http:\/\/www.agroensayos.es\/wp-content\/uploads\/2018\/01\/20170608_181505-e1517350199142.jpg\",\"contentUrl\":\"http:\/\/www.agroensayos.es\/wp-content\/uploads\/2018\/01\/20170608_181505-e1517350199142.jpg\"},{\"@type\":\"WebSite\",\"@id\":\"https:\/\/www.agroensayos.es\/#website\",\"url\":\"https:\/\/www.agroensayos.es\/\",\"name\":\"Agroensayos\",\"description\":\"Ensayos y T&eacute;cnicas Agr&iacute;colas S.L.\",\"potentialAction\":[{\"@type\":\"SearchAction\",\"target\":{\"@type\":\"EntryPoint\",\"urlTemplate\":\"https:\/\/www.agroensayos.es\/?s={search_term_string}\"},\"query-input\":{\"@type\":\"PropertyValueSpecification\",\"valueRequired\":true,\"valueName\":\"search_term_string\"}}],\"inLanguage\":\"en-US\"}]}<\/script>\n<!-- \/ Yoast SEO plugin. -->","yoast_head_json":{"title":"Agroensayos Ensayos y T\u00e9cnicas Agr\u00edcolas Valladolid","description":"En Agroensayos, Ensayos y T\u00e9cnicas Agr\u00edcolas de Valladolid disponemos de la Acreditaci\u00f3n EOR y realizamos ensayos de acuerdo a los est\u00e1ndares EPPO.","robots":{"index":"index","follow":"follow","max-snippet":"max-snippet:-1","max-image-preview":"max-image-preview:large","max-video-preview":"max-video-preview:-1"},"canonical":"https:\/\/www.agroensayos.es\/","og_locale":"en_US","og_type":"article","og_title":"Agroensayos Ensayos y T\u00e9cnicas Agr\u00edcolas Valladolid","og_description":"En Agroensayos, Ensayos y T\u00e9cnicas Agr\u00edcolas de Valladolid disponemos de la Acreditaci\u00f3n EOR y realizamos ensayos de acuerdo a los est\u00e1ndares EPPO.","og_url":"https:\/\/www.agroensayos.es\/","og_site_name":"Agroensayos","article_publisher":"https:\/\/www.facebook.com\/Agroensayos-1731441323792974\/?ref=hl","article_modified_time":"2018-02-01T08:46:28+00:00","og_image":[{"url":"http:\/\/www.agroensayos.es\/wp-content\/uploads\/2018\/01\/20170608_181505-e1517350199142.jpg","type":"","width":"","height":""}],"twitter_card":"summary_large_image","twitter_site":"@Infoagroensayos","schema":{"@context":"https:\/\/schema.org","@graph":[{"@type":"WebPage","@id":"https:\/\/www.agroensayos.es\/","url":"https:\/\/www.agroensayos.es\/","name":"Agroensayos Ensayos y T\u00e9cnicas Agr\u00edcolas Valladolid","isPartOf":{"@id":"https:\/\/www.agroensayos.es\/#website"},"primaryImageOfPage":{"@id":"https:\/\/www.agroensayos.es\/#primaryimage"},"image":{"@id":"https:\/\/www.agroensayos.es\/#primaryimage"},"thumbnailUrl":"http:\/\/www.agroensayos.es\/wp-content\/uploads\/2018\/01\/20170608_181505-e1517350199142.jpg","datePublished":"2016-02-08T17:05:05+00:00","dateModified":"2018-02-01T08:46:28+00:00","description":"En Agroensayos, Ensayos y T\u00e9cnicas Agr\u00edcolas de Valladolid disponemos de la Acreditaci\u00f3n EOR y realizamos ensayos de acuerdo a los est\u00e1ndares EPPO.","inLanguage":"en-US","potentialAction":[{"@type":"ReadAction","target":["https:\/\/www.agroensayos.es\/"]}]},{"@type":"ImageObject","inLanguage":"en-US","@id":"https:\/\/www.agroensayos.es\/#primaryimage","url":"http:\/\/www.agroensayos.es\/wp-content\/uploads\/2018\/01\/20170608_181505-e1517350199142.jpg","contentUrl":"http:\/\/www.agroensayos.es\/wp-content\/uploads\/2018\/01\/20170608_181505-e1517350199142.jpg"},{"@type":"WebSite","@id":"https:\/\/www.agroensayos.es\/#website","url":"https:\/\/www.agroensayos.es\/","name":"Agroensayos","description":"Ensayos y T&eacute;cnicas Agr&iacute;colas S.L.","potentialAction":[{"@type":"SearchAction","target":{"@type":"EntryPoint","urlTemplate":"https:\/\/www.agroensayos.es\/?s={search_term_string}"},"query-input":{"@type":"PropertyValueSpecification","valueRequired":true,"valueName":"search_term_string"}}],"inLanguage":"en-US"}]}},"_links":{"self":[{"href":"https:\/\/www.agroensayos.es\/en\/wp-json\/wp\/v2\/pages\/104","targetHints":{"allow":["GET"]}}],"collection":[{"href":"https:\/\/www.agroensayos.es\/en\/wp-json\/wp\/v2\/pages"}],"about":[{"href":"https:\/\/www.agroensayos.es\/en\/wp-json\/wp\/v2\/types\/page"}],"author":[{"embeddable":true,"href":"https:\/\/www.agroensayos.es\/en\/wp-json\/wp\/v2\/users\/1"}],"replies":[{"embeddable":true,"href":"https:\/\/www.agroensayos.es\/en\/wp-json\/wp\/v2\/comments?post=104"}],"version-history":[{"count":43,"href":"https:\/\/www.agroensayos.es\/en\/wp-json\/wp\/v2\/pages\/104\/revisions"}],"predecessor-version":[{"id":264,"href":"https:\/\/www.agroensayos.es\/en\/wp-json\/wp\/v2\/pages\/104\/revisions\/264"}],"wp:attachment":[{"href":"https:\/\/www.agroensayos.es\/en\/wp-json\/wp\/v2\/media?parent=104"}],"curies":[{"name":"wp","href":"https:\/\/api.w.org\/{rel}","templated":true}]}}